{"id":232281,"date":"2023-07-31T20:04:10","date_gmt":"2023-07-31T20:04:10","guid":{"rendered":"https:\/\/matrexantinfortunistica.com\/index.php\/prodotto\/giacca-tunnel-ultasonic-ad-alta-visibilita\/"},"modified":"2024-05-11T13:05:49","modified_gmt":"2024-05-11T13:05:49","slug":"giacca-tunnel-ultasonic-ad-alta-visibilita","status":"publish","type":"product","link":"https:\/\/matrexantinfortunistica.com\/index.php\/prodotto\/giacca-tunnel-ultasonic-ad-alta-visibilita\/","title":{"rendered":"Giacca Tunnel Ultasonic ad Alta Visibilit\u00e0"},"content":{"rendered":"<p>La giacca Tunnel Ultasonic ad Alta Visibilit\u00e0 offre il meglio in termini di standard di alta visibilit\u00e0 e propriet\u00e0 di isolamento. Pannelli riscaldati in fibra di carbonio sono incorporati in questa giacca imbottita per portare calore e comfort extra a ch<\/p>\n<p>Dettagli<br \/>\nCuciture termosaldate per una maggiore resistenza all&#8217;acqua e al vento<br \/>\nI pannelli riscaldati in fibra di carbonio alimentati a batteria portano calore extra a chi li indossa<br \/>\nPolsini elasticizzati per una vestibilit\u00e0 sicura<br \/>\nOrli regolabili con cordino<br \/>\nLa finitura premium antimacchia aiuta a respingere l&#8217;olio, l&#8217;acqua e la sporcizia<br \/>\nMentoniera con patta antipioggia interna per un comfort extra<br \/>\nPacco batteria durevole e facile da caricare<br \/>\nPacco batteria durevole e facile da caricare<br \/>\nCavo di ricarica Micro USB incluso<br \/>\nApertura frontale con zip per un facile accesso<br \/>\n2 tasche laterali con zip per riporre al sicuro<br \/>\nCappuccio foderato staccabile<br \/>\nCursori facili da impugnare collegati a tutte le cerniere<br \/>\nTotalmente foderato e imbottito per intrappolare il calore<br \/>\nInserti in contrasto per una maggiore  protezione dallo sporco<br \/>\nBanda riflettente HiVisTex Pro leggera e flessibile per una maggiore visibilit\u00e0<br \/>\n4 tasche ampie<br \/>\nCertificato EN ISO 20471 dopo 25 lavaggi<br \/>\nCertificato CE<br \/>\nNuovo articolo<br \/>\nLa soffice fodera interna in Insulatex cattura il calore e mantiene al caldo proteggendo dagli agenti atmosferici<br \/>\nTessuto classificato 40+ UPF per bloccare il 98% dei raggi UV<br \/>\nAntistatico<br \/>\nMarcato UKCA<\/p>\n","protected":false},"excerpt":{"rendered":"<p><img loading=\"lazy\" loading=\"lazy\" decoding=\"async\" width=\"80\" height=\"80\" src=\"https:\/\/img.icons8.com\/officel\/80\/export-pdf.png\" alt=\"export-pdf\"\/><a href=\"https:\/\/documents.portwest.com\/datasheet.php?style=S548&#038;lang=IT&#038;itemcol=S548YBR\"target=\"_blank\">SCHEDA TECNICA<\/a><\/p>\n","protected":false},"featured_media":18644,"comment_status":"closed","ping_status":"open","template":"","meta":[],"etheme_brands":[],"product_brand":[],"product_cat":[2115,2128,3699],"product_tag":[3429],"class_list":{"0":"post-232281","1":"product","2":"type-product","3":"status-publish","4":"has-post-thumbnail","6":"product_cat-abbigliamento","7":"product_cat-alta-visibilita","8":"product_cat-giacca-alta-visibilita","9":"product_tag-giacca-tunnel-ultasonic-ad-alta-visibilita","10":"pa_colore-giallo-nero","11":"pa_misura-l","12":"pa_misura-m","13":"pa_misura-s","14":"pa_misura-xl","15":"pa_misura-xxl","16":"pa_misura-xxxl","18":"first","19":"instock","20":"taxable","21":"shipping-taxable","22":"purchasable","23":"product-type-variable","24":"has-default-attributes"},"yoast_head":"<!-- This site is optimized with the Yoast SEO plugin v26.1.1 - https:\/\/yoast.com\/wordpress\/plugins\/seo\/ -->\n<title>Giacca Tunnel Ultasonic ad Alta Visibilit\u00e0 - MATREX ABBIGLIAMENTO LAVORO E SICUREZZA<\/title>\n<meta name=\"robots\" content=\"index, follow, max-snippet:-1, max-image-preview:large, max-video-preview:-1\" \/>\n<link rel=\"canonical\" href=\"https:\/\/matrexantinfortunistica.com\/index.php\/prodotto\/giacca-tunnel-ultasonic-ad-alta-visibilita\/\" \/>\n<meta property=\"og:locale\" content=\"it_IT\" \/>\n<meta property=\"og:type\" content=\"article\" \/>\n<meta property=\"og:title\" content=\"Giacca Tunnel Ultasonic ad Alta Visibilit\u00e0 - MATREX ABBIGLIAMENTO LAVORO E SICUREZZA\" \/>\n<meta property=\"og:description\" content=\"SCHEDA TECNICA\" \/>\n<meta property=\"og:url\" content=\"https:\/\/matrexantinfortunistica.com\/index.php\/prodotto\/giacca-tunnel-ultasonic-ad-alta-visibilita\/\" \/>\n<meta property=\"og:site_name\" content=\"MATREX ABBIGLIAMENTO LAVORO E SICUREZZA\" \/>\n<meta property=\"article:modified_time\" content=\"2024-05-11T13:05:49+00:00\" \/>\n<meta property=\"og:image\" content=\"https:\/\/matrexantinfortunistica.com\/wp-content\/uploads\/2023\/06\/S548YBR.jpg\" \/>\n\t<meta property=\"og:image:width\" content=\"1100\" \/>\n\t<meta property=\"og:image:height\" content=\"1100\" \/>\n\t<meta property=\"og:image:type\" content=\"image\/jpeg\" \/>\n<meta name=\"twitter:card\" content=\"summary_large_image\" \/>\n<meta name=\"twitter:label1\" content=\"Tempo di lettura stimato\" \/>\n\t<meta name=\"twitter:data1\" content=\"1 minuto\" \/>\n<script type=\"application\/ld+json\" class=\"yoast-schema-graph\">{\"@context\":\"https:\/\/schema.org\",\"@graph\":[{\"@type\":\"WebPage\",\"@id\":\"https:\/\/matrexantinfortunistica.com\/index.php\/prodotto\/giacca-tunnel-ultasonic-ad-alta-visibilita\/\",\"url\":\"https:\/\/matrexantinfortunistica.com\/index.php\/prodotto\/giacca-tunnel-ultasonic-ad-alta-visibilita\/\",\"name\":\"Giacca Tunnel Ultasonic ad Alta Visibilit\u00e0 - MATREX ABBIGLIAMENTO LAVORO E SICUREZZA\",\"isPartOf\":{\"@id\":\"https:\/\/matrexantinfortunistica.com\/#website\"},\"primaryImageOfPage\":{\"@id\":\"https:\/\/matrexantinfortunistica.com\/index.php\/prodotto\/giacca-tunnel-ultasonic-ad-alta-visibilita\/#primaryimage\"},\"image\":{\"@id\":\"https:\/\/matrexantinfortunistica.com\/index.php\/prodotto\/giacca-tunnel-ultasonic-ad-alta-visibilita\/#primaryimage\"},\"thumbnailUrl\":\"https:\/\/matrexantinfortunistica.com\/wp-content\/uploads\/2023\/06\/S548YBR.jpg\",\"datePublished\":\"2023-07-31T20:04:10+00:00\",\"dateModified\":\"2024-05-11T13:05:49+00:00\",\"breadcrumb\":{\"@id\":\"https:\/\/matrexantinfortunistica.com\/index.php\/prodotto\/giacca-tunnel-ultasonic-ad-alta-visibilita\/#breadcrumb\"},\"inLanguage\":\"it-IT\",\"potentialAction\":[{\"@type\":\"ReadAction\",\"target\":[\"https:\/\/matrexantinfortunistica.com\/index.php\/prodotto\/giacca-tunnel-ultasonic-ad-alta-visibilita\/\"]}]},{\"@type\":\"ImageObject\",\"inLanguage\":\"it-IT\",\"@id\":\"https:\/\/matrexantinfortunistica.com\/index.php\/prodotto\/giacca-tunnel-ultasonic-ad-alta-visibilita\/#primaryimage\",\"url\":\"https:\/\/matrexantinfortunistica.com\/wp-content\/uploads\/2023\/06\/S548YBR.jpg\",\"contentUrl\":\"https:\/\/matrexantinfortunistica.com\/wp-content\/uploads\/2023\/06\/S548YBR.jpg\",\"width\":1100,\"height\":1100},{\"@type\":\"BreadcrumbList\",\"@id\":\"https:\/\/matrexantinfortunistica.com\/index.php\/prodotto\/giacca-tunnel-ultasonic-ad-alta-visibilita\/#breadcrumb\",\"itemListElement\":[{\"@type\":\"ListItem\",\"position\":1,\"name\":\"Home\",\"item\":\"https:\/\/matrexantinfortunistica.com\/\"},{\"@type\":\"ListItem\",\"position\":2,\"name\":\"Shop\",\"item\":\"https:\/\/matrexantinfortunistica.com\/index.php\/shop\/\"},{\"@type\":\"ListItem\",\"position\":3,\"name\":\"Giacca Tunnel Ultasonic ad Alta Visibilit\u00e0\"}]},{\"@type\":\"WebSite\",\"@id\":\"https:\/\/matrexantinfortunistica.com\/#website\",\"url\":\"https:\/\/matrexantinfortunistica.com\/\",\"name\":\"MATREX ABBIGLIAMENTO LAVORO E SICUREZZA\",\"description\":\"SCARPE E ACCESSORI PER INFORTUNIO\",\"potentialAction\":[{\"@type\":\"SearchAction\",\"target\":{\"@type\":\"EntryPoint\",\"urlTemplate\":\"https:\/\/matrexantinfortunistica.com\/?s={search_term_string}\"},\"query-input\":{\"@type\":\"PropertyValueSpecification\",\"valueRequired\":true,\"valueName\":\"search_term_string\"}}],\"inLanguage\":\"it-IT\"}]}<\/script>\n<!-- \/ Yoast SEO plugin. -->","yoast_head_json":{"title":"Giacca Tunnel Ultasonic ad Alta Visibilit\u00e0 - MATREX ABBIGLIAMENTO LAVORO E SICUREZZA","robots":{"index":"index","follow":"follow","max-snippet":"max-snippet:-1","max-image-preview":"max-image-preview:large","max-video-preview":"max-video-preview:-1"},"canonical":"https:\/\/matrexantinfortunistica.com\/index.php\/prodotto\/giacca-tunnel-ultasonic-ad-alta-visibilita\/","og_locale":"it_IT","og_type":"article","og_title":"Giacca Tunnel Ultasonic ad Alta Visibilit\u00e0 - MATREX ABBIGLIAMENTO LAVORO E SICUREZZA","og_description":"SCHEDA TECNICA","og_url":"https:\/\/matrexantinfortunistica.com\/index.php\/prodotto\/giacca-tunnel-ultasonic-ad-alta-visibilita\/","og_site_name":"MATREX ABBIGLIAMENTO LAVORO E SICUREZZA","article_modified_time":"2024-05-11T13:05:49+00:00","og_image":[{"width":1100,"height":1100,"url":"https:\/\/matrexantinfortunistica.com\/wp-content\/uploads\/2023\/06\/S548YBR.jpg","type":"image\/jpeg"}],"twitter_card":"summary_large_image","twitter_misc":{"Tempo di lettura stimato":"1 minuto"},"schema":{"@context":"https:\/\/schema.org","@graph":[{"@type":"WebPage","@id":"https:\/\/matrexantinfortunistica.com\/index.php\/prodotto\/giacca-tunnel-ultasonic-ad-alta-visibilita\/","url":"https:\/\/matrexantinfortunistica.com\/index.php\/prodotto\/giacca-tunnel-ultasonic-ad-alta-visibilita\/","name":"Giacca Tunnel Ultasonic ad Alta Visibilit\u00e0 - MATREX ABBIGLIAMENTO LAVORO E SICUREZZA","isPartOf":{"@id":"https:\/\/matrexantinfortunistica.com\/#website"},"primaryImageOfPage":{"@id":"https:\/\/matrexantinfortunistica.com\/index.php\/prodotto\/giacca-tunnel-ultasonic-ad-alta-visibilita\/#primaryimage"},"image":{"@id":"https:\/\/matrexantinfortunistica.com\/index.php\/prodotto\/giacca-tunnel-ultasonic-ad-alta-visibilita\/#primaryimage"},"thumbnailUrl":"https:\/\/matrexantinfortunistica.com\/wp-content\/uploads\/2023\/06\/S548YBR.jpg","datePublished":"2023-07-31T20:04:10+00:00","dateModified":"2024-05-11T13:05:49+00:00","breadcrumb":{"@id":"https:\/\/matrexantinfortunistica.com\/index.php\/prodotto\/giacca-tunnel-ultasonic-ad-alta-visibilita\/#breadcrumb"},"inLanguage":"it-IT","potentialAction":[{"@type":"ReadAction","target":["https:\/\/matrexantinfortunistica.com\/index.php\/prodotto\/giacca-tunnel-ultasonic-ad-alta-visibilita\/"]}]},{"@type":"ImageObject","inLanguage":"it-IT","@id":"https:\/\/matrexantinfortunistica.com\/index.php\/prodotto\/giacca-tunnel-ultasonic-ad-alta-visibilita\/#primaryimage","url":"https:\/\/matrexantinfortunistica.com\/wp-content\/uploads\/2023\/06\/S548YBR.jpg","contentUrl":"https:\/\/matrexantinfortunistica.com\/wp-content\/uploads\/2023\/06\/S548YBR.jpg","width":1100,"height":1100},{"@type":"BreadcrumbList","@id":"https:\/\/matrexantinfortunistica.com\/index.php\/prodotto\/giacca-tunnel-ultasonic-ad-alta-visibilita\/#breadcrumb","itemListElement":[{"@type":"ListItem","position":1,"name":"Home","item":"https:\/\/matrexantinfortunistica.com\/"},{"@type":"ListItem","position":2,"name":"Shop","item":"https:\/\/matrexantinfortunistica.com\/index.php\/shop\/"},{"@type":"ListItem","position":3,"name":"Giacca Tunnel Ultasonic ad Alta Visibilit\u00e0"}]},{"@type":"WebSite","@id":"https:\/\/matrexantinfortunistica.com\/#website","url":"https:\/\/matrexantinfortunistica.com\/","name":"MATREX ABBIGLIAMENTO LAVORO E SICUREZZA","description":"SCARPE E ACCESSORI PER INFORTUNIO","potentialAction":[{"@type":"SearchAction","target":{"@type":"EntryPoint","urlTemplate":"https:\/\/matrexantinfortunistica.com\/?s={search_term_string}"},"query-input":{"@type":"PropertyValueSpecification","valueRequired":true,"valueName":"search_term_string"}}],"inLanguage":"it-IT"}]}},"_links":{"self":[{"href":"https:\/\/matrexantinfortunistica.com\/index.php\/wp-json\/wp\/v2\/product\/232281","targetHints":{"allow":["GET"]}}],"collection":[{"href":"https:\/\/matrexantinfortunistica.com\/index.php\/wp-json\/wp\/v2\/product"}],"about":[{"href":"https:\/\/matrexantinfortunistica.com\/index.php\/wp-json\/wp\/v2\/types\/product"}],"replies":[{"embeddable":true,"href":"https:\/\/matrexantinfortunistica.com\/index.php\/wp-json\/wp\/v2\/comments?post=232281"}],"version-history":[{"count":3,"href":"https:\/\/matrexantinfortunistica.com\/index.php\/wp-json\/wp\/v2\/product\/232281\/revisions"}],"predecessor-version":[{"id":239475,"href":"https:\/\/matrexantinfortunistica.com\/index.php\/wp-json\/wp\/v2\/product\/232281\/revisions\/239475"}],"wp:featuredmedia":[{"embeddable":true,"href":"https:\/\/matrexantinfortunistica.com\/index.php\/wp-json\/wp\/v2\/media\/18644"}],"wp:attachment":[{"href":"https:\/\/matrexantinfortunistica.com\/index.php\/wp-json\/wp\/v2\/media?parent=232281"}],"wp:term":[{"taxonomy":"brand","embeddable":true,"href":"https:\/\/matrexantinfortunistica.com\/index.php\/wp-json\/wp\/v2\/etheme_brands?post=232281"},{"taxonomy":"product_brand","embeddable":true,"href":"https:\/\/matrexantinfortunistica.com\/index.php\/wp-json\/wp\/v2\/product_brand?post=232281"},{"taxonomy":"product_cat","embeddable":true,"href":"https:\/\/matrexantinfortunistica.com\/index.php\/wp-json\/wp\/v2\/product_cat?post=232281"},{"taxonomy":"product_tag","embeddable":true,"href":"https:\/\/matrexantinfortunistica.com\/index.php\/wp-json\/wp\/v2\/product_tag?post=232281"}],"curies":[{"name":"wp","href":"https:\/\/api.w.org\/{rel}","templated":true}]}}