{"id":220703,"date":"2023-07-31T19:06:36","date_gmt":"2023-07-31T19:06:36","guid":{"rendered":"https:\/\/matrexantinfortunistica.com\/index.php\/prodotto\/dx4-pantaloni-holster-alta-visibilita-classe-1\/"},"modified":"2024-05-11T12:50:41","modified_gmt":"2024-05-11T12:50:41","slug":"dx4-pantaloni-holster-alta-visibilita-classe-1","status":"publish","type":"product","link":"https:\/\/matrexantinfortunistica.com\/index.php\/prodotto\/dx4-pantaloni-holster-alta-visibilita-classe-1\/","title":{"rendered":"DX4  Pantaloni Holster Alta Visibilit\u00e0 Classe 1"},"content":{"rendered":"<p>Il Pantalone DX4 Alta Visibilit\u00e0 utilizza il posizionamento mirato di tessuti elastici dinamici 4X per offrire la massima libert\u00e0 di movimento durante il lavoro. Il pantalone \u00e8 caratterizzato da una vita alta sulla schiena con elastici laterali, garantend<\/p>\n<p>Dettagli<br \/>\nBanda riflettente HiVisTex Pro leggera e flessibile per una maggiore visibilit\u00e0<br \/>\n16 tasche ampie<br \/>\nPorta badge per la visualizzazione del badge<br \/>\nTasca porta metro<br \/>\nIl rinforzo elasticizzato sul cavallo  offre la massima flessibilit\u00e0 e riduce la tensione<br \/>\nTasche con fondina con cerniera per una maggiore versatilit\u00e0<br \/>\nTasca nascosta per cellulare<br \/>\nTasca nascosta per cellulare<br \/>\nElastici in vita per il massimo comfort<br \/>\nAggancio per martello per l&#8217;archiviazione sicura degli strumenti di lavoro<br \/>\nTasche porta ginocchiere con apertura superiore per un accesso rapido e facile<br \/>\nCoppia di ginocchiere incluse con pantaloni DX4<br \/>\nOrlo regolabile: gamba da regular a lunga<br \/>\nLe zone delle ginocchia preformate consentono una maggiore libert\u00e0 di movimento<br \/>\nVestibilit\u00e0 slim per un comfort eccezionale<br \/>\nll retro vita rialzato garantisce protezione in tutte le posizioni di lavoro<br \/>\nTriple cuciture per una maggiore durata<br \/>\nBanda riflettente segmentata termosaldata per una maggiore visibilit\u00e0<br \/>\nConforme allo standard EN ISO 20471<br \/>\nCertificato EN ISO 20471 dopo 25 lavaggi<br \/>\n*Design registrato alla Comunit\u00e0 Europea<br \/>\nTessuto classificato 40+ UPF per bloccare il 98% dei raggi UV<br \/>\nCertificato CE<br \/>\nMarcato UKCA<\/p>\n","protected":false},"excerpt":{"rendered":"<p><img loading=\"lazy\" loading=\"lazy\" decoding=\"async\" width=\"80\" height=\"80\" src=\"https:\/\/img.icons8.com\/officel\/80\/export-pdf.png\" alt=\"export-pdf\"\/><a href=\"https:\/\/documents.portwest.com\/datasheet.php?style=DX445&#038;lang=IT&#038;itemcol=DX445YBR\"target=\"_blank\">SCHEDA TECNICA<\/a><\/p>\n","protected":false},"featured_media":6191,"comment_status":"closed","ping_status":"open","template":"","meta":[],"etheme_brands":[],"product_brand":[],"product_cat":[2115,2128,3699],"product_tag":[2570],"class_list":{"0":"post-220703","1":"product","2":"type-product","3":"status-publish","4":"has-post-thumbnail","6":"product_cat-abbigliamento","7":"product_cat-alta-visibilita","8":"product_cat-giacca-alta-visibilita","9":"product_tag-dx4-pantaloni-holster-alta-visibilita-classe-1","10":"pa_colore-giallo-nero","11":"pa_misura-39","12":"pa_misura-41","13":"pa_misura-42","14":"pa_misura-370","15":"pa_misura-43","16":"pa_misura-44","17":"pa_misura-45","18":"pa_misura-46","19":"pa_misura-371","20":"pa_misura-47","21":"pa_misura-48","22":"pa_misura-49","23":"pa_misura-51","25":"first","26":"instock","27":"taxable","28":"shipping-taxable","29":"purchasable","30":"product-type-variable","31":"has-default-attributes"},"yoast_head":"<!-- This site is optimized with the Yoast SEO plugin v26.1.1 - https:\/\/yoast.com\/wordpress\/plugins\/seo\/ -->\n<title>DX4 Pantaloni Holster Alta Visibilit\u00e0 Classe 1 - MATREX ABBIGLIAMENTO LAVORO E SICUREZZA<\/title>\n<meta name=\"robots\" content=\"index, follow, max-snippet:-1, max-image-preview:large, max-video-preview:-1\" \/>\n<link rel=\"canonical\" href=\"https:\/\/matrexantinfortunistica.com\/index.php\/prodotto\/dx4-pantaloni-holster-alta-visibilita-classe-1\/\" \/>\n<meta property=\"og:locale\" content=\"it_IT\" \/>\n<meta property=\"og:type\" content=\"article\" \/>\n<meta property=\"og:title\" content=\"DX4 Pantaloni Holster Alta Visibilit\u00e0 Classe 1 - MATREX ABBIGLIAMENTO LAVORO E SICUREZZA\" \/>\n<meta property=\"og:description\" content=\"SCHEDA TECNICA\" \/>\n<meta property=\"og:url\" content=\"https:\/\/matrexantinfortunistica.com\/index.php\/prodotto\/dx4-pantaloni-holster-alta-visibilita-classe-1\/\" \/>\n<meta property=\"og:site_name\" content=\"MATREX ABBIGLIAMENTO LAVORO E SICUREZZA\" \/>\n<meta property=\"article:modified_time\" content=\"2024-05-11T12:50:41+00:00\" \/>\n<meta property=\"og:image\" content=\"https:\/\/matrexantinfortunistica.com\/wp-content\/uploads\/2023\/06\/DX445YBR.jpg\" \/>\n\t<meta property=\"og:image:width\" content=\"1100\" \/>\n\t<meta property=\"og:image:height\" content=\"1100\" \/>\n\t<meta property=\"og:image:type\" content=\"image\/jpeg\" \/>\n<meta name=\"twitter:card\" content=\"summary_large_image\" \/>\n<meta name=\"twitter:label1\" content=\"Tempo di lettura stimato\" \/>\n\t<meta name=\"twitter:data1\" content=\"1 minuto\" \/>\n<script type=\"application\/ld+json\" class=\"yoast-schema-graph\">{\"@context\":\"https:\/\/schema.org\",\"@graph\":[{\"@type\":\"WebPage\",\"@id\":\"https:\/\/matrexantinfortunistica.com\/index.php\/prodotto\/dx4-pantaloni-holster-alta-visibilita-classe-1\/\",\"url\":\"https:\/\/matrexantinfortunistica.com\/index.php\/prodotto\/dx4-pantaloni-holster-alta-visibilita-classe-1\/\",\"name\":\"DX4 Pantaloni Holster Alta Visibilit\u00e0 Classe 1 - MATREX ABBIGLIAMENTO LAVORO E SICUREZZA\",\"isPartOf\":{\"@id\":\"https:\/\/matrexantinfortunistica.com\/#website\"},\"primaryImageOfPage\":{\"@id\":\"https:\/\/matrexantinfortunistica.com\/index.php\/prodotto\/dx4-pantaloni-holster-alta-visibilita-classe-1\/#primaryimage\"},\"image\":{\"@id\":\"https:\/\/matrexantinfortunistica.com\/index.php\/prodotto\/dx4-pantaloni-holster-alta-visibilita-classe-1\/#primaryimage\"},\"thumbnailUrl\":\"https:\/\/matrexantinfortunistica.com\/wp-content\/uploads\/2023\/06\/DX445YBR.jpg\",\"datePublished\":\"2023-07-31T19:06:36+00:00\",\"dateModified\":\"2024-05-11T12:50:41+00:00\",\"breadcrumb\":{\"@id\":\"https:\/\/matrexantinfortunistica.com\/index.php\/prodotto\/dx4-pantaloni-holster-alta-visibilita-classe-1\/#breadcrumb\"},\"inLanguage\":\"it-IT\",\"potentialAction\":[{\"@type\":\"ReadAction\",\"target\":[\"https:\/\/matrexantinfortunistica.com\/index.php\/prodotto\/dx4-pantaloni-holster-alta-visibilita-classe-1\/\"]}]},{\"@type\":\"ImageObject\",\"inLanguage\":\"it-IT\",\"@id\":\"https:\/\/matrexantinfortunistica.com\/index.php\/prodotto\/dx4-pantaloni-holster-alta-visibilita-classe-1\/#primaryimage\",\"url\":\"https:\/\/matrexantinfortunistica.com\/wp-content\/uploads\/2023\/06\/DX445YBR.jpg\",\"contentUrl\":\"https:\/\/matrexantinfortunistica.com\/wp-content\/uploads\/2023\/06\/DX445YBR.jpg\",\"width\":1100,\"height\":1100},{\"@type\":\"BreadcrumbList\",\"@id\":\"https:\/\/matrexantinfortunistica.com\/index.php\/prodotto\/dx4-pantaloni-holster-alta-visibilita-classe-1\/#breadcrumb\",\"itemListElement\":[{\"@type\":\"ListItem\",\"position\":1,\"name\":\"Home\",\"item\":\"https:\/\/matrexantinfortunistica.com\/\"},{\"@type\":\"ListItem\",\"position\":2,\"name\":\"Shop\",\"item\":\"https:\/\/matrexantinfortunistica.com\/index.php\/shop\/\"},{\"@type\":\"ListItem\",\"position\":3,\"name\":\"DX4 Pantaloni Holster Alta Visibilit\u00e0 Classe 1\"}]},{\"@type\":\"WebSite\",\"@id\":\"https:\/\/matrexantinfortunistica.com\/#website\",\"url\":\"https:\/\/matrexantinfortunistica.com\/\",\"name\":\"MATREX ABBIGLIAMENTO LAVORO E SICUREZZA\",\"description\":\"SCARPE E ACCESSORI PER INFORTUNIO\",\"potentialAction\":[{\"@type\":\"SearchAction\",\"target\":{\"@type\":\"EntryPoint\",\"urlTemplate\":\"https:\/\/matrexantinfortunistica.com\/?s={search_term_string}\"},\"query-input\":{\"@type\":\"PropertyValueSpecification\",\"valueRequired\":true,\"valueName\":\"search_term_string\"}}],\"inLanguage\":\"it-IT\"}]}<\/script>\n<!-- \/ Yoast SEO plugin. -->","yoast_head_json":{"title":"DX4 Pantaloni Holster Alta Visibilit\u00e0 Classe 1 - MATREX ABBIGLIAMENTO LAVORO E SICUREZZA","robots":{"index":"index","follow":"follow","max-snippet":"max-snippet:-1","max-image-preview":"max-image-preview:large","max-video-preview":"max-video-preview:-1"},"canonical":"https:\/\/matrexantinfortunistica.com\/index.php\/prodotto\/dx4-pantaloni-holster-alta-visibilita-classe-1\/","og_locale":"it_IT","og_type":"article","og_title":"DX4 Pantaloni Holster Alta Visibilit\u00e0 Classe 1 - MATREX ABBIGLIAMENTO LAVORO E SICUREZZA","og_description":"SCHEDA TECNICA","og_url":"https:\/\/matrexantinfortunistica.com\/index.php\/prodotto\/dx4-pantaloni-holster-alta-visibilita-classe-1\/","og_site_name":"MATREX ABBIGLIAMENTO LAVORO E SICUREZZA","article_modified_time":"2024-05-11T12:50:41+00:00","og_image":[{"width":1100,"height":1100,"url":"https:\/\/matrexantinfortunistica.com\/wp-content\/uploads\/2023\/06\/DX445YBR.jpg","type":"image\/jpeg"}],"twitter_card":"summary_large_image","twitter_misc":{"Tempo di lettura stimato":"1 minuto"},"schema":{"@context":"https:\/\/schema.org","@graph":[{"@type":"WebPage","@id":"https:\/\/matrexantinfortunistica.com\/index.php\/prodotto\/dx4-pantaloni-holster-alta-visibilita-classe-1\/","url":"https:\/\/matrexantinfortunistica.com\/index.php\/prodotto\/dx4-pantaloni-holster-alta-visibilita-classe-1\/","name":"DX4 Pantaloni Holster Alta Visibilit\u00e0 Classe 1 - MATREX ABBIGLIAMENTO LAVORO E SICUREZZA","isPartOf":{"@id":"https:\/\/matrexantinfortunistica.com\/#website"},"primaryImageOfPage":{"@id":"https:\/\/matrexantinfortunistica.com\/index.php\/prodotto\/dx4-pantaloni-holster-alta-visibilita-classe-1\/#primaryimage"},"image":{"@id":"https:\/\/matrexantinfortunistica.com\/index.php\/prodotto\/dx4-pantaloni-holster-alta-visibilita-classe-1\/#primaryimage"},"thumbnailUrl":"https:\/\/matrexantinfortunistica.com\/wp-content\/uploads\/2023\/06\/DX445YBR.jpg","datePublished":"2023-07-31T19:06:36+00:00","dateModified":"2024-05-11T12:50:41+00:00","breadcrumb":{"@id":"https:\/\/matrexantinfortunistica.com\/index.php\/prodotto\/dx4-pantaloni-holster-alta-visibilita-classe-1\/#breadcrumb"},"inLanguage":"it-IT","potentialAction":[{"@type":"ReadAction","target":["https:\/\/matrexantinfortunistica.com\/index.php\/prodotto\/dx4-pantaloni-holster-alta-visibilita-classe-1\/"]}]},{"@type":"ImageObject","inLanguage":"it-IT","@id":"https:\/\/matrexantinfortunistica.com\/index.php\/prodotto\/dx4-pantaloni-holster-alta-visibilita-classe-1\/#primaryimage","url":"https:\/\/matrexantinfortunistica.com\/wp-content\/uploads\/2023\/06\/DX445YBR.jpg","contentUrl":"https:\/\/matrexantinfortunistica.com\/wp-content\/uploads\/2023\/06\/DX445YBR.jpg","width":1100,"height":1100},{"@type":"BreadcrumbList","@id":"https:\/\/matrexantinfortunistica.com\/index.php\/prodotto\/dx4-pantaloni-holster-alta-visibilita-classe-1\/#breadcrumb","itemListElement":[{"@type":"ListItem","position":1,"name":"Home","item":"https:\/\/matrexantinfortunistica.com\/"},{"@type":"ListItem","position":2,"name":"Shop","item":"https:\/\/matrexantinfortunistica.com\/index.php\/shop\/"},{"@type":"ListItem","position":3,"name":"DX4 Pantaloni Holster Alta Visibilit\u00e0 Classe 1"}]},{"@type":"WebSite","@id":"https:\/\/matrexantinfortunistica.com\/#website","url":"https:\/\/matrexantinfortunistica.com\/","name":"MATREX ABBIGLIAMENTO LAVORO E SICUREZZA","description":"SCARPE E ACCESSORI PER INFORTUNIO","potentialAction":[{"@type":"SearchAction","target":{"@type":"EntryPoint","urlTemplate":"https:\/\/matrexantinfortunistica.com\/?s={search_term_string}"},"query-input":{"@type":"PropertyValueSpecification","valueRequired":true,"valueName":"search_term_string"}}],"inLanguage":"it-IT"}]}},"_links":{"self":[{"href":"https:\/\/matrexantinfortunistica.com\/index.php\/wp-json\/wp\/v2\/product\/220703","targetHints":{"allow":["GET"]}}],"collection":[{"href":"https:\/\/matrexantinfortunistica.com\/index.php\/wp-json\/wp\/v2\/product"}],"about":[{"href":"https:\/\/matrexantinfortunistica.com\/index.php\/wp-json\/wp\/v2\/types\/product"}],"replies":[{"embeddable":true,"href":"https:\/\/matrexantinfortunistica.com\/index.php\/wp-json\/wp\/v2\/comments?post=220703"}],"version-history":[{"count":3,"href":"https:\/\/matrexantinfortunistica.com\/index.php\/wp-json\/wp\/v2\/product\/220703\/revisions"}],"predecessor-version":[{"id":238169,"href":"https:\/\/matrexantinfortunistica.com\/index.php\/wp-json\/wp\/v2\/product\/220703\/revisions\/238169"}],"wp:featuredmedia":[{"embeddable":true,"href":"https:\/\/matrexantinfortunistica.com\/index.php\/wp-json\/wp\/v2\/media\/6191"}],"wp:attachment":[{"href":"https:\/\/matrexantinfortunistica.com\/index.php\/wp-json\/wp\/v2\/media?parent=220703"}],"wp:term":[{"taxonomy":"brand","embeddable":true,"href":"https:\/\/matrexantinfortunistica.com\/index.php\/wp-json\/wp\/v2\/etheme_brands?post=220703"},{"taxonomy":"product_brand","embeddable":true,"href":"https:\/\/matrexantinfortunistica.com\/index.php\/wp-json\/wp\/v2\/product_brand?post=220703"},{"taxonomy":"product_cat","embeddable":true,"href":"https:\/\/matrexantinfortunistica.com\/index.php\/wp-json\/wp\/v2\/product_cat?post=220703"},{"taxonomy":"product_tag","embeddable":true,"href":"https:\/\/matrexantinfortunistica.com\/index.php\/wp-json\/wp\/v2\/product_tag?post=220703"}],"curies":[{"name":"wp","href":"https:\/\/api.w.org\/{rel}","templated":true}]}}