{"id":217089,"date":"2023-07-31T18:50:53","date_gmt":"2023-07-31T18:50:53","guid":{"rendered":"https:\/\/matrexantinfortunistica.com\/index.php\/prodotto\/felpa-anti-statica-esd\/"},"modified":"2024-05-11T12:45:11","modified_gmt":"2024-05-11T12:45:11","slug":"felpa-anti-statica-esd","status":"publish","type":"product","link":"https:\/\/matrexantinfortunistica.com\/index.php\/prodotto\/felpa-anti-statica-esd\/","title":{"rendered":"Felpa Anti Statica ESD"},"content":{"rendered":"<p>Questa comoda felpa protettiva \u00e8 ideale per ambienti in cui \u00e8 richiesta resistenza elettrostatica. La manica raglan permette una maggiore libert\u00e0 di movimento. La fibra di carbonio intrecciata con il tessuto offre un&#8217;eccellente protezione antistatica. Dis<\/p>\n<p>Dettagli<\/p>\n<p>Comoda vestibilit\u00e0<br \/>\nManiche raglan per maggior comfort<br \/>\nPolsini a costine per calore e comfort<br \/>\nDoppie cuciture per una maggiore durata<br \/>\nGirocollo<br \/>\nCertificato CE<br \/>\nCertificato CE<br \/>\nMarcato UKCA<\/p>\n","protected":false},"excerpt":{"rendered":"<p><img loading=\"lazy\" loading=\"lazy\" decoding=\"async\" width=\"80\" height=\"80\" src=\"https:\/\/img.icons8.com\/officel\/80\/export-pdf.png\" alt=\"export-pdf\"\/><a href=\"https:\/\/documents.portwest.com\/datasheet.php?style=AS24&#038;lang=IT&#038;itemcol=AS24HBR\"target=\"_blank\">SCHEDA TECNICA<\/a><\/p>\n","protected":false},"featured_media":2052,"comment_status":"closed","ping_status":"open","template":"","meta":[],"etheme_brands":[],"product_brand":[],"product_cat":[2115,2117,3667],"product_tag":[2358],"class_list":{"0":"post-217089","1":"product","2":"type-product","3":"status-publish","4":"has-post-thumbnail","6":"product_cat-abbigliamento","7":"product_cat-abbigliamento-da-lavoro","8":"product_cat-felpa","9":"product_tag-felpa-anti-statica-esd","10":"pa_colore-bianco","11":"pa_colore-blu-navy","12":"pa_colore-blue-hamilton","13":"pa_misura-l","14":"pa_misura-m","15":"pa_misura-s","16":"pa_misura-xl","17":"pa_misura-xxl","18":"pa_misura-xxxl","20":"first","21":"instock","22":"taxable","23":"shipping-taxable","24":"purchasable","25":"product-type-variable","26":"has-default-attributes"},"yoast_head":"<!-- This site is optimized with the Yoast SEO plugin v26.1.1 - https:\/\/yoast.com\/wordpress\/plugins\/seo\/ -->\n<title>Felpa Anti Statica ESD - MATREX ABBIGLIAMENTO LAVORO E SICUREZZA<\/title>\n<meta name=\"robots\" content=\"index, follow, max-snippet:-1, max-image-preview:large, max-video-preview:-1\" \/>\n<link rel=\"canonical\" href=\"https:\/\/matrexantinfortunistica.com\/index.php\/prodotto\/felpa-anti-statica-esd\/\" \/>\n<meta property=\"og:locale\" content=\"it_IT\" \/>\n<meta property=\"og:type\" content=\"article\" \/>\n<meta property=\"og:title\" content=\"Felpa Anti Statica ESD - MATREX ABBIGLIAMENTO LAVORO E SICUREZZA\" \/>\n<meta property=\"og:description\" content=\"SCHEDA TECNICA\" \/>\n<meta property=\"og:url\" content=\"https:\/\/matrexantinfortunistica.com\/index.php\/prodotto\/felpa-anti-statica-esd\/\" \/>\n<meta property=\"og:site_name\" content=\"MATREX ABBIGLIAMENTO LAVORO E SICUREZZA\" \/>\n<meta property=\"article:modified_time\" content=\"2024-05-11T12:45:11+00:00\" \/>\n<meta property=\"og:image\" content=\"https:\/\/matrexantinfortunistica.com\/wp-content\/uploads\/2023\/06\/AS24HBR.jpg\" \/>\n\t<meta property=\"og:image:width\" content=\"1100\" \/>\n\t<meta property=\"og:image:height\" content=\"1100\" \/>\n\t<meta property=\"og:image:type\" content=\"image\/jpeg\" \/>\n<meta name=\"twitter:card\" content=\"summary_large_image\" \/>\n<script type=\"application\/ld+json\" class=\"yoast-schema-graph\">{\"@context\":\"https:\/\/schema.org\",\"@graph\":[{\"@type\":\"WebPage\",\"@id\":\"https:\/\/matrexantinfortunistica.com\/index.php\/prodotto\/felpa-anti-statica-esd\/\",\"url\":\"https:\/\/matrexantinfortunistica.com\/index.php\/prodotto\/felpa-anti-statica-esd\/\",\"name\":\"Felpa Anti Statica ESD - MATREX ABBIGLIAMENTO LAVORO E SICUREZZA\",\"isPartOf\":{\"@id\":\"https:\/\/matrexantinfortunistica.com\/#website\"},\"primaryImageOfPage\":{\"@id\":\"https:\/\/matrexantinfortunistica.com\/index.php\/prodotto\/felpa-anti-statica-esd\/#primaryimage\"},\"image\":{\"@id\":\"https:\/\/matrexantinfortunistica.com\/index.php\/prodotto\/felpa-anti-statica-esd\/#primaryimage\"},\"thumbnailUrl\":\"https:\/\/matrexantinfortunistica.com\/wp-content\/uploads\/2023\/06\/AS24HBR.jpg\",\"datePublished\":\"2023-07-31T18:50:53+00:00\",\"dateModified\":\"2024-05-11T12:45:11+00:00\",\"breadcrumb\":{\"@id\":\"https:\/\/matrexantinfortunistica.com\/index.php\/prodotto\/felpa-anti-statica-esd\/#breadcrumb\"},\"inLanguage\":\"it-IT\",\"potentialAction\":[{\"@type\":\"ReadAction\",\"target\":[\"https:\/\/matrexantinfortunistica.com\/index.php\/prodotto\/felpa-anti-statica-esd\/\"]}]},{\"@type\":\"ImageObject\",\"inLanguage\":\"it-IT\",\"@id\":\"https:\/\/matrexantinfortunistica.com\/index.php\/prodotto\/felpa-anti-statica-esd\/#primaryimage\",\"url\":\"https:\/\/matrexantinfortunistica.com\/wp-content\/uploads\/2023\/06\/AS24HBR.jpg\",\"contentUrl\":\"https:\/\/matrexantinfortunistica.com\/wp-content\/uploads\/2023\/06\/AS24HBR.jpg\",\"width\":1100,\"height\":1100},{\"@type\":\"BreadcrumbList\",\"@id\":\"https:\/\/matrexantinfortunistica.com\/index.php\/prodotto\/felpa-anti-statica-esd\/#breadcrumb\",\"itemListElement\":[{\"@type\":\"ListItem\",\"position\":1,\"name\":\"Home\",\"item\":\"https:\/\/matrexantinfortunistica.com\/\"},{\"@type\":\"ListItem\",\"position\":2,\"name\":\"Shop\",\"item\":\"https:\/\/matrexantinfortunistica.com\/index.php\/shop\/\"},{\"@type\":\"ListItem\",\"position\":3,\"name\":\"Felpa Anti Statica ESD\"}]},{\"@type\":\"WebSite\",\"@id\":\"https:\/\/matrexantinfortunistica.com\/#website\",\"url\":\"https:\/\/matrexantinfortunistica.com\/\",\"name\":\"MATREX ABBIGLIAMENTO LAVORO E SICUREZZA\",\"description\":\"SCARPE E ACCESSORI PER INFORTUNIO\",\"potentialAction\":[{\"@type\":\"SearchAction\",\"target\":{\"@type\":\"EntryPoint\",\"urlTemplate\":\"https:\/\/matrexantinfortunistica.com\/?s={search_term_string}\"},\"query-input\":{\"@type\":\"PropertyValueSpecification\",\"valueRequired\":true,\"valueName\":\"search_term_string\"}}],\"inLanguage\":\"it-IT\"}]}<\/script>\n<!-- \/ Yoast SEO plugin. -->","yoast_head_json":{"title":"Felpa Anti Statica ESD - MATREX ABBIGLIAMENTO LAVORO E SICUREZZA","robots":{"index":"index","follow":"follow","max-snippet":"max-snippet:-1","max-image-preview":"max-image-preview:large","max-video-preview":"max-video-preview:-1"},"canonical":"https:\/\/matrexantinfortunistica.com\/index.php\/prodotto\/felpa-anti-statica-esd\/","og_locale":"it_IT","og_type":"article","og_title":"Felpa Anti Statica ESD - MATREX ABBIGLIAMENTO LAVORO E SICUREZZA","og_description":"SCHEDA TECNICA","og_url":"https:\/\/matrexantinfortunistica.com\/index.php\/prodotto\/felpa-anti-statica-esd\/","og_site_name":"MATREX ABBIGLIAMENTO LAVORO E SICUREZZA","article_modified_time":"2024-05-11T12:45:11+00:00","og_image":[{"width":1100,"height":1100,"url":"https:\/\/matrexantinfortunistica.com\/wp-content\/uploads\/2023\/06\/AS24HBR.jpg","type":"image\/jpeg"}],"twitter_card":"summary_large_image","schema":{"@context":"https:\/\/schema.org","@graph":[{"@type":"WebPage","@id":"https:\/\/matrexantinfortunistica.com\/index.php\/prodotto\/felpa-anti-statica-esd\/","url":"https:\/\/matrexantinfortunistica.com\/index.php\/prodotto\/felpa-anti-statica-esd\/","name":"Felpa Anti Statica ESD - MATREX ABBIGLIAMENTO LAVORO E SICUREZZA","isPartOf":{"@id":"https:\/\/matrexantinfortunistica.com\/#website"},"primaryImageOfPage":{"@id":"https:\/\/matrexantinfortunistica.com\/index.php\/prodotto\/felpa-anti-statica-esd\/#primaryimage"},"image":{"@id":"https:\/\/matrexantinfortunistica.com\/index.php\/prodotto\/felpa-anti-statica-esd\/#primaryimage"},"thumbnailUrl":"https:\/\/matrexantinfortunistica.com\/wp-content\/uploads\/2023\/06\/AS24HBR.jpg","datePublished":"2023-07-31T18:50:53+00:00","dateModified":"2024-05-11T12:45:11+00:00","breadcrumb":{"@id":"https:\/\/matrexantinfortunistica.com\/index.php\/prodotto\/felpa-anti-statica-esd\/#breadcrumb"},"inLanguage":"it-IT","potentialAction":[{"@type":"ReadAction","target":["https:\/\/matrexantinfortunistica.com\/index.php\/prodotto\/felpa-anti-statica-esd\/"]}]},{"@type":"ImageObject","inLanguage":"it-IT","@id":"https:\/\/matrexantinfortunistica.com\/index.php\/prodotto\/felpa-anti-statica-esd\/#primaryimage","url":"https:\/\/matrexantinfortunistica.com\/wp-content\/uploads\/2023\/06\/AS24HBR.jpg","contentUrl":"https:\/\/matrexantinfortunistica.com\/wp-content\/uploads\/2023\/06\/AS24HBR.jpg","width":1100,"height":1100},{"@type":"BreadcrumbList","@id":"https:\/\/matrexantinfortunistica.com\/index.php\/prodotto\/felpa-anti-statica-esd\/#breadcrumb","itemListElement":[{"@type":"ListItem","position":1,"name":"Home","item":"https:\/\/matrexantinfortunistica.com\/"},{"@type":"ListItem","position":2,"name":"Shop","item":"https:\/\/matrexantinfortunistica.com\/index.php\/shop\/"},{"@type":"ListItem","position":3,"name":"Felpa Anti Statica ESD"}]},{"@type":"WebSite","@id":"https:\/\/matrexantinfortunistica.com\/#website","url":"https:\/\/matrexantinfortunistica.com\/","name":"MATREX ABBIGLIAMENTO LAVORO E SICUREZZA","description":"SCARPE E ACCESSORI PER INFORTUNIO","potentialAction":[{"@type":"SearchAction","target":{"@type":"EntryPoint","urlTemplate":"https:\/\/matrexantinfortunistica.com\/?s={search_term_string}"},"query-input":{"@type":"PropertyValueSpecification","valueRequired":true,"valueName":"search_term_string"}}],"inLanguage":"it-IT"}]}},"_links":{"self":[{"href":"https:\/\/matrexantinfortunistica.com\/index.php\/wp-json\/wp\/v2\/product\/217089","targetHints":{"allow":["GET"]}}],"collection":[{"href":"https:\/\/matrexantinfortunistica.com\/index.php\/wp-json\/wp\/v2\/product"}],"about":[{"href":"https:\/\/matrexantinfortunistica.com\/index.php\/wp-json\/wp\/v2\/types\/product"}],"replies":[{"embeddable":true,"href":"https:\/\/matrexantinfortunistica.com\/index.php\/wp-json\/wp\/v2\/comments?post=217089"}],"version-history":[{"count":3,"href":"https:\/\/matrexantinfortunistica.com\/index.php\/wp-json\/wp\/v2\/product\/217089\/revisions"}],"predecessor-version":[{"id":237880,"href":"https:\/\/matrexantinfortunistica.com\/index.php\/wp-json\/wp\/v2\/product\/217089\/revisions\/237880"}],"wp:featuredmedia":[{"embeddable":true,"href":"https:\/\/matrexantinfortunistica.com\/index.php\/wp-json\/wp\/v2\/media\/2052"}],"wp:attachment":[{"href":"https:\/\/matrexantinfortunistica.com\/index.php\/wp-json\/wp\/v2\/media?parent=217089"}],"wp:term":[{"taxonomy":"brand","embeddable":true,"href":"https:\/\/matrexantinfortunistica.com\/index.php\/wp-json\/wp\/v2\/etheme_brands?post=217089"},{"taxonomy":"product_brand","embeddable":true,"href":"https:\/\/matrexantinfortunistica.com\/index.php\/wp-json\/wp\/v2\/product_brand?post=217089"},{"taxonomy":"product_cat","embeddable":true,"href":"https:\/\/matrexantinfortunistica.com\/index.php\/wp-json\/wp\/v2\/product_cat?post=217089"},{"taxonomy":"product_tag","embeddable":true,"href":"https:\/\/matrexantinfortunistica.com\/index.php\/wp-json\/wp\/v2\/product_tag?post=217089"}],"curies":[{"name":"wp","href":"https:\/\/api.w.org\/{rel}","templated":true}]}}