{"id":216814,"date":"2023-07-31T18:49:49","date_gmt":"2023-07-31T18:49:49","guid":{"rendered":"https:\/\/matrexantinfortunistica.com\/index.php\/prodotto\/microschiuma-sg-npr15-confezione-da-12-2\/"},"modified":"2024-05-11T12:44:53","modified_gmt":"2024-05-11T12:44:53","slug":"microschiuma-sg-npr15-confezione-da-12-2","status":"publish","type":"product","link":"https:\/\/matrexantinfortunistica.com\/index.php\/prodotto\/microschiuma-sg-npr15-confezione-da-12-2\/","title":{"rendered":"Microschiuma SG NPR15 &#8211; Confezione da 12"},"content":{"rendered":"<p>Bottiglia in PET cade a pennello con il concetto di sostenibilit\u00e0.  Il filato PET ha propriet\u00e0 di gestione dell&#8217;umidit\u00e0 mantenendo le mani asciutte e comode.  Funzione TOUCH\/SMART del telefono con indice e pollice conduttivo.  Un&#8217;esclusiva struttura a mag<\/p>\n<p>Dettagli<br \/>\nRealizzato con bottiglie di plastica riciclate<br \/>\nContiene il 21% di materiale riciclato<br \/>\nRisparmiati 227 g di CO2 al paio durante la produzione<br \/>\nSenza silicone &#8211; Ideale per la produzione, la verniciatura, l&#8217;elettronica e la manipolazione del vetro, dove il silicone \u00e8 un problema<\/p>\n<p>Rivestimento in micro schiuma di nitrile perfetto per compiti di estrema destrezza<br \/>\nFinitura antimicrobica Texpel MicroTM, uccide il 99,9% dei batteri<br \/>\nFinitura antimicrobica Texpel MicroTM, uccide il 99,9% dei batteri<br \/>\nRidotto consumo di acqua ed energia durante la produzione<br \/>\nVenduto in confezione da 12 paia<br \/>\nCertificato OEKO-TEX\u00ae STANDARD 100<br \/>\nQuesto guanto pu\u00f2 essere utilizzato con la maggior parte dei dispositivi mobili touchscreen.<br \/>\nANSI Livello al taglio A3<br \/>\nMaglia calibro 15 per una maggiore destrezza<br \/>\nCertificato CE<br \/>\nMarcato UKCA<br \/>\nNuovo articolo<\/p>\n","protected":false},"excerpt":{"rendered":"<p><img loading=\"lazy\" loading=\"lazy\" decoding=\"async\" width=\"80\" height=\"80\" src=\"https:\/\/img.icons8.com\/officel\/80\/export-pdf.png\" alt=\"export-pdf\"\/><a href=\"https:\/\/documents.portwest.com\/datasheet.php?style=AP18&#038;lang=IT&#038;itemcol=AP18B8R\"target=\"_blank\">SCHEDA TECNICA<\/a><\/p>\n","protected":false},"featured_media":1765,"comment_status":"closed","ping_status":"open","template":"","meta":[],"etheme_brands":[],"product_brand":[],"product_cat":[3660,2119,2118],"product_tag":[2338],"class_list":{"0":"post-216814","1":"product","2":"type-product","3":"status-publish","4":"has-post-thumbnail","6":"product_cat-microschiuma","7":"product_cat-protezione-mani-protezione-mani","8":"product_cat-protezione-mani","9":"product_tag-microschiuma-sg-npr15-confezione-da-12","10":"pa_colore-blu-nero","11":"pa_misura-l","12":"pa_misura-m","13":"pa_misura-s","14":"pa_misura-xl","15":"pa_misura-xs","16":"pa_misura-xxl","17":"pa_misura-xxxl","19":"first","20":"instock","21":"taxable","22":"shipping-taxable","23":"purchasable","24":"product-type-variable","25":"has-default-attributes"},"yoast_head":"<!-- This site is optimized with the Yoast SEO plugin v26.1.1 - https:\/\/yoast.com\/wordpress\/plugins\/seo\/ -->\n<title>Microschiuma SG NPR15 - Confezione da 12 - MATREX ABBIGLIAMENTO LAVORO E SICUREZZA<\/title>\n<meta name=\"robots\" content=\"index, follow, max-snippet:-1, max-image-preview:large, max-video-preview:-1\" \/>\n<link rel=\"canonical\" href=\"https:\/\/matrexantinfortunistica.com\/index.php\/prodotto\/microschiuma-sg-npr15-confezione-da-12-2\/\" \/>\n<meta property=\"og:locale\" content=\"it_IT\" \/>\n<meta property=\"og:type\" content=\"article\" \/>\n<meta property=\"og:title\" content=\"Microschiuma SG NPR15 - Confezione da 12 - MATREX ABBIGLIAMENTO LAVORO E SICUREZZA\" \/>\n<meta property=\"og:description\" content=\"SCHEDA TECNICA\" \/>\n<meta property=\"og:url\" content=\"https:\/\/matrexantinfortunistica.com\/index.php\/prodotto\/microschiuma-sg-npr15-confezione-da-12-2\/\" \/>\n<meta property=\"og:site_name\" content=\"MATREX ABBIGLIAMENTO LAVORO E SICUREZZA\" \/>\n<meta property=\"article:modified_time\" content=\"2024-05-11T12:44:53+00:00\" \/>\n<meta property=\"og:image\" content=\"https:\/\/matrexantinfortunistica.com\/wp-content\/uploads\/2023\/06\/AP18B8R.jpg\" \/>\n\t<meta property=\"og:image:width\" content=\"1100\" \/>\n\t<meta property=\"og:image:height\" content=\"1100\" \/>\n\t<meta property=\"og:image:type\" content=\"image\/jpeg\" \/>\n<meta name=\"twitter:card\" content=\"summary_large_image\" \/>\n<meta name=\"twitter:label1\" content=\"Tempo di lettura stimato\" \/>\n\t<meta name=\"twitter:data1\" content=\"1 minuto\" \/>\n<script type=\"application\/ld+json\" class=\"yoast-schema-graph\">{\"@context\":\"https:\/\/schema.org\",\"@graph\":[{\"@type\":\"WebPage\",\"@id\":\"https:\/\/matrexantinfortunistica.com\/index.php\/prodotto\/microschiuma-sg-npr15-confezione-da-12-2\/\",\"url\":\"https:\/\/matrexantinfortunistica.com\/index.php\/prodotto\/microschiuma-sg-npr15-confezione-da-12-2\/\",\"name\":\"Microschiuma SG NPR15 - Confezione da 12 - MATREX ABBIGLIAMENTO LAVORO E SICUREZZA\",\"isPartOf\":{\"@id\":\"https:\/\/matrexantinfortunistica.com\/#website\"},\"primaryImageOfPage\":{\"@id\":\"https:\/\/matrexantinfortunistica.com\/index.php\/prodotto\/microschiuma-sg-npr15-confezione-da-12-2\/#primaryimage\"},\"image\":{\"@id\":\"https:\/\/matrexantinfortunistica.com\/index.php\/prodotto\/microschiuma-sg-npr15-confezione-da-12-2\/#primaryimage\"},\"thumbnailUrl\":\"https:\/\/matrexantinfortunistica.com\/wp-content\/uploads\/2023\/06\/AP18B8R.jpg\",\"datePublished\":\"2023-07-31T18:49:49+00:00\",\"dateModified\":\"2024-05-11T12:44:53+00:00\",\"breadcrumb\":{\"@id\":\"https:\/\/matrexantinfortunistica.com\/index.php\/prodotto\/microschiuma-sg-npr15-confezione-da-12-2\/#breadcrumb\"},\"inLanguage\":\"it-IT\",\"potentialAction\":[{\"@type\":\"ReadAction\",\"target\":[\"https:\/\/matrexantinfortunistica.com\/index.php\/prodotto\/microschiuma-sg-npr15-confezione-da-12-2\/\"]}]},{\"@type\":\"ImageObject\",\"inLanguage\":\"it-IT\",\"@id\":\"https:\/\/matrexantinfortunistica.com\/index.php\/prodotto\/microschiuma-sg-npr15-confezione-da-12-2\/#primaryimage\",\"url\":\"https:\/\/matrexantinfortunistica.com\/wp-content\/uploads\/2023\/06\/AP18B8R.jpg\",\"contentUrl\":\"https:\/\/matrexantinfortunistica.com\/wp-content\/uploads\/2023\/06\/AP18B8R.jpg\",\"width\":1100,\"height\":1100},{\"@type\":\"BreadcrumbList\",\"@id\":\"https:\/\/matrexantinfortunistica.com\/index.php\/prodotto\/microschiuma-sg-npr15-confezione-da-12-2\/#breadcrumb\",\"itemListElement\":[{\"@type\":\"ListItem\",\"position\":1,\"name\":\"Home\",\"item\":\"https:\/\/matrexantinfortunistica.com\/\"},{\"@type\":\"ListItem\",\"position\":2,\"name\":\"Shop\",\"item\":\"https:\/\/matrexantinfortunistica.com\/index.php\/shop\/\"},{\"@type\":\"ListItem\",\"position\":3,\"name\":\"Microschiuma SG NPR15 &#8211; Confezione da 12\"}]},{\"@type\":\"WebSite\",\"@id\":\"https:\/\/matrexantinfortunistica.com\/#website\",\"url\":\"https:\/\/matrexantinfortunistica.com\/\",\"name\":\"MATREX ABBIGLIAMENTO LAVORO E SICUREZZA\",\"description\":\"SCARPE E ACCESSORI PER INFORTUNIO\",\"potentialAction\":[{\"@type\":\"SearchAction\",\"target\":{\"@type\":\"EntryPoint\",\"urlTemplate\":\"https:\/\/matrexantinfortunistica.com\/?s={search_term_string}\"},\"query-input\":{\"@type\":\"PropertyValueSpecification\",\"valueRequired\":true,\"valueName\":\"search_term_string\"}}],\"inLanguage\":\"it-IT\"}]}<\/script>\n<!-- \/ Yoast SEO plugin. -->","yoast_head_json":{"title":"Microschiuma SG NPR15 - Confezione da 12 - MATREX ABBIGLIAMENTO LAVORO E SICUREZZA","robots":{"index":"index","follow":"follow","max-snippet":"max-snippet:-1","max-image-preview":"max-image-preview:large","max-video-preview":"max-video-preview:-1"},"canonical":"https:\/\/matrexantinfortunistica.com\/index.php\/prodotto\/microschiuma-sg-npr15-confezione-da-12-2\/","og_locale":"it_IT","og_type":"article","og_title":"Microschiuma SG NPR15 - Confezione da 12 - MATREX ABBIGLIAMENTO LAVORO E SICUREZZA","og_description":"SCHEDA TECNICA","og_url":"https:\/\/matrexantinfortunistica.com\/index.php\/prodotto\/microschiuma-sg-npr15-confezione-da-12-2\/","og_site_name":"MATREX ABBIGLIAMENTO LAVORO E SICUREZZA","article_modified_time":"2024-05-11T12:44:53+00:00","og_image":[{"width":1100,"height":1100,"url":"https:\/\/matrexantinfortunistica.com\/wp-content\/uploads\/2023\/06\/AP18B8R.jpg","type":"image\/jpeg"}],"twitter_card":"summary_large_image","twitter_misc":{"Tempo di lettura stimato":"1 minuto"},"schema":{"@context":"https:\/\/schema.org","@graph":[{"@type":"WebPage","@id":"https:\/\/matrexantinfortunistica.com\/index.php\/prodotto\/microschiuma-sg-npr15-confezione-da-12-2\/","url":"https:\/\/matrexantinfortunistica.com\/index.php\/prodotto\/microschiuma-sg-npr15-confezione-da-12-2\/","name":"Microschiuma SG NPR15 - Confezione da 12 - MATREX ABBIGLIAMENTO LAVORO E SICUREZZA","isPartOf":{"@id":"https:\/\/matrexantinfortunistica.com\/#website"},"primaryImageOfPage":{"@id":"https:\/\/matrexantinfortunistica.com\/index.php\/prodotto\/microschiuma-sg-npr15-confezione-da-12-2\/#primaryimage"},"image":{"@id":"https:\/\/matrexantinfortunistica.com\/index.php\/prodotto\/microschiuma-sg-npr15-confezione-da-12-2\/#primaryimage"},"thumbnailUrl":"https:\/\/matrexantinfortunistica.com\/wp-content\/uploads\/2023\/06\/AP18B8R.jpg","datePublished":"2023-07-31T18:49:49+00:00","dateModified":"2024-05-11T12:44:53+00:00","breadcrumb":{"@id":"https:\/\/matrexantinfortunistica.com\/index.php\/prodotto\/microschiuma-sg-npr15-confezione-da-12-2\/#breadcrumb"},"inLanguage":"it-IT","potentialAction":[{"@type":"ReadAction","target":["https:\/\/matrexantinfortunistica.com\/index.php\/prodotto\/microschiuma-sg-npr15-confezione-da-12-2\/"]}]},{"@type":"ImageObject","inLanguage":"it-IT","@id":"https:\/\/matrexantinfortunistica.com\/index.php\/prodotto\/microschiuma-sg-npr15-confezione-da-12-2\/#primaryimage","url":"https:\/\/matrexantinfortunistica.com\/wp-content\/uploads\/2023\/06\/AP18B8R.jpg","contentUrl":"https:\/\/matrexantinfortunistica.com\/wp-content\/uploads\/2023\/06\/AP18B8R.jpg","width":1100,"height":1100},{"@type":"BreadcrumbList","@id":"https:\/\/matrexantinfortunistica.com\/index.php\/prodotto\/microschiuma-sg-npr15-confezione-da-12-2\/#breadcrumb","itemListElement":[{"@type":"ListItem","position":1,"name":"Home","item":"https:\/\/matrexantinfortunistica.com\/"},{"@type":"ListItem","position":2,"name":"Shop","item":"https:\/\/matrexantinfortunistica.com\/index.php\/shop\/"},{"@type":"ListItem","position":3,"name":"Microschiuma SG NPR15 &#8211; Confezione da 12"}]},{"@type":"WebSite","@id":"https:\/\/matrexantinfortunistica.com\/#website","url":"https:\/\/matrexantinfortunistica.com\/","name":"MATREX ABBIGLIAMENTO LAVORO E SICUREZZA","description":"SCARPE E ACCESSORI PER INFORTUNIO","potentialAction":[{"@type":"SearchAction","target":{"@type":"EntryPoint","urlTemplate":"https:\/\/matrexantinfortunistica.com\/?s={search_term_string}"},"query-input":{"@type":"PropertyValueSpecification","valueRequired":true,"valueName":"search_term_string"}}],"inLanguage":"it-IT"}]}},"_links":{"self":[{"href":"https:\/\/matrexantinfortunistica.com\/index.php\/wp-json\/wp\/v2\/product\/216814","targetHints":{"allow":["GET"]}}],"collection":[{"href":"https:\/\/matrexantinfortunistica.com\/index.php\/wp-json\/wp\/v2\/product"}],"about":[{"href":"https:\/\/matrexantinfortunistica.com\/index.php\/wp-json\/wp\/v2\/types\/product"}],"replies":[{"embeddable":true,"href":"https:\/\/matrexantinfortunistica.com\/index.php\/wp-json\/wp\/v2\/comments?post=216814"}],"version-history":[{"count":3,"href":"https:\/\/matrexantinfortunistica.com\/index.php\/wp-json\/wp\/v2\/product\/216814\/revisions"}],"predecessor-version":[{"id":237850,"href":"https:\/\/matrexantinfortunistica.com\/index.php\/wp-json\/wp\/v2\/product\/216814\/revisions\/237850"}],"wp:featuredmedia":[{"embeddable":true,"href":"https:\/\/matrexantinfortunistica.com\/index.php\/wp-json\/wp\/v2\/media\/1765"}],"wp:attachment":[{"href":"https:\/\/matrexantinfortunistica.com\/index.php\/wp-json\/wp\/v2\/media?parent=216814"}],"wp:term":[{"taxonomy":"brand","embeddable":true,"href":"https:\/\/matrexantinfortunistica.com\/index.php\/wp-json\/wp\/v2\/etheme_brands?post=216814"},{"taxonomy":"product_brand","embeddable":true,"href":"https:\/\/matrexantinfortunistica.com\/index.php\/wp-json\/wp\/v2\/product_brand?post=216814"},{"taxonomy":"product_cat","embeddable":true,"href":"https:\/\/matrexantinfortunistica.com\/index.php\/wp-json\/wp\/v2\/product_cat?post=216814"},{"taxonomy":"product_tag","embeddable":true,"href":"https:\/\/matrexantinfortunistica.com\/index.php\/wp-json\/wp\/v2\/product_tag?post=216814"}],"curies":[{"name":"wp","href":"https:\/\/api.w.org\/{rel}","templated":true}]}}